{"id":2794,"date":"2025-10-10T11:33:37","date_gmt":"2025-10-10T09:33:37","guid":{"rendered":"https:\/\/privilege.tours\/?page_id=2794"},"modified":"2025-10-10T11:38:12","modified_gmt":"2025-10-10T09:38:12","slug":"transfert","status":"publish","type":"page","link":"https:\/\/privilege.tours\/fr\/transfert\/","title":{"rendered":"Transfert \u00e0 S\u00e3o Tom\u00e9-et-Pr\u00edncipe"},"content":{"rendered":"","protected":false},"excerpt":{"rendered":"","protected":false},"author":133,"featured_media":0,"parent":0,"menu_order":0,"comment_status":"open","ping_status":"open","template":"","meta":{"footnotes":""},"class_list":["post-2794","page","type-page","status-publish","hentry"],"aioseo_notices":[],"_links":{"self":[{"href":"https:\/\/privilege.tours\/fr\/wp-json\/wp\/v2\/pages\/2794","targetHints":{"allow":["GET"]}}],"collection":[{"href":"https:\/\/privilege.tours\/fr\/wp-json\/wp\/v2\/pages"}],"about":[{"href":"https:\/\/privilege.tours\/fr\/wp-json\/wp\/v2\/types\/page"}],"author":[{"embeddable":true,"href":"https:\/\/privilege.tours\/fr\/wp-json\/wp\/v2\/users\/133"}],"replies":[{"embeddable":true,"href":"https:\/\/privilege.tours\/fr\/wp-json\/wp\/v2\/comments?post=2794"}],"version-history":[{"count":1,"href":"https:\/\/privilege.tours\/fr\/wp-json\/wp\/v2\/pages\/2794\/revisions"}],"predecessor-version":[{"id":2829,"href":"https:\/\/privilege.tours\/fr\/wp-json\/wp\/v2\/pages\/2794\/revisions\/2829"}],"wp:attachment":[{"href":"https:\/\/privilege.tours\/fr\/wp-json\/wp\/v2\/media?parent=2794"}],"curies":[{"name":"wp","href":"https:\/\/api.w.org\/{rel}","templated":true}]}}