{"id":2173,"date":"2023-10-03T19:06:03","date_gmt":"2023-10-03T17:06:03","guid":{"rendered":"http:\/\/privilege.tours\/?post_type=product&#038;p=2173"},"modified":"2023-10-03T19:31:56","modified_gmt":"2023-10-03T17:31:56","slug":"toyota-prado-tx","status":"publish","type":"product","link":"https:\/\/privilege.tours\/fr\/boutique\/toyota-prado-tx\/","title":{"rendered":"Toyota Prado Tx"},"content":{"rendered":"","protected":false},"excerpt":{"rendered":"<p style=\"color: #fc9d2e;\"><strong>IMPORTANT:<\/strong> Une fois l&rsquo;achat effectu\u00e9, indiquez-nous dans le champ observations, o\u00f9 vous pr\u00e9f\u00e9rez r\u00e9cup\u00e9rer votre voiture : A\u00e9roport, Bureau de Privilege Tours ou Nom de l&rsquo;H\u00f4tel o\u00f9 vous s\u00e9journez.<\/p>\n","protected":false},"featured_media":2134,"template":"","meta":[],"product_brand":[],"product_cat":[28],"product_tag":[],"class_list":{"0":"post-2173","1":"product","2":"type-product","3":"status-publish","4":"has-post-thumbnail","6":"product_cat-voiture","8":"first","9":"instock","10":"shipping-taxable","11":"purchasable","12":"product-type-redq_rental"},"aioseo_notices":[],"_links":{"self":[{"href":"https:\/\/privilege.tours\/fr\/wp-json\/wp\/v2\/product\/2173","targetHints":{"allow":["GET"]}}],"collection":[{"href":"https:\/\/privilege.tours\/fr\/wp-json\/wp\/v2\/product"}],"about":[{"href":"https:\/\/privilege.tours\/fr\/wp-json\/wp\/v2\/types\/product"}],"wp:featuredmedia":[{"embeddable":true,"href":"https:\/\/privilege.tours\/fr\/wp-json\/wp\/v2\/media\/2134"}],"wp:attachment":[{"href":"https:\/\/privilege.tours\/fr\/wp-json\/wp\/v2\/media?parent=2173"}],"wp:term":[{"taxonomy":"product_brand","embeddable":true,"href":"https:\/\/privilege.tours\/fr\/wp-json\/wp\/v2\/product_brand?post=2173"},{"taxonomy":"product_cat","embeddable":true,"href":"https:\/\/privilege.tours\/fr\/wp-json\/wp\/v2\/product_cat?post=2173"},{"taxonomy":"product_tag","embeddable":true,"href":"https:\/\/privilege.tours\/fr\/wp-json\/wp\/v2\/product_tag?post=2173"}],"curies":[{"name":"wp","href":"https:\/\/api.w.org\/{rel}","templated":true}]}}