{"id":2174,"date":"2023-10-03T18:52:16","date_gmt":"2023-10-03T16:52:16","guid":{"rendered":"http:\/\/privilege.tours\/?post_type=product&#038;p=2174"},"modified":"2023-10-04T14:24:47","modified_gmt":"2023-10-04T12:24:47","slug":"daihatsu-terios","status":"publish","type":"product","link":"https:\/\/privilege.tours\/fr\/boutique\/daihatsu-terios\/","title":{"rendered":"Daihatsu Terios"},"content":{"rendered":"","protected":false},"excerpt":{"rendered":"<p>V\u00e9hicule 5 places, air conditionn\u00e9, assurance tous risques et assistance routi\u00e8re.<br \/>\nUne fois la r\u00e9servation demand\u00e9e, vous devrez attendre notre courrier avec les \u00e9tapes \u00e0 suivre pour compl\u00e9ter le paiement et obtenir la confirmation de la r\u00e9servation.<br \/>\nDe plus, si vous le souhaitez, nous avons la possibilit\u00e9 de louer une voiture avec chauffeur local, veuillez nous contacter.<\/p>\n<p style=\"color: #fc9d2e;\"><strong>IMPORTANT:<\/strong> Une fois l\u2019achat effectu\u00e9, indiquez-nous dans le champ des observations, o\u00f9 vous pr\u00e9f\u00e9rez r\u00e9cup\u00e9rer votre voiture: A\u00e9roport, Bureau Privilege Tours ou Nom de l\u2019h\u00f4tel o\u00f9 vous s\u00e9journez.<\/p>\n","protected":false},"featured_media":2142,"template":"","meta":[],"product_brand":[],"product_cat":[28],"product_tag":[],"class_list":{"0":"post-2174","1":"product","2":"type-product","3":"status-publish","4":"has-post-thumbnail","6":"product_cat-voiture","8":"first","9":"instock","10":"shipping-taxable","11":"purchasable","12":"product-type-redq_rental"},"aioseo_notices":[],"_links":{"self":[{"href":"https:\/\/privilege.tours\/fr\/wp-json\/wp\/v2\/product\/2174","targetHints":{"allow":["GET"]}}],"collection":[{"href":"https:\/\/privilege.tours\/fr\/wp-json\/wp\/v2\/product"}],"about":[{"href":"https:\/\/privilege.tours\/fr\/wp-json\/wp\/v2\/types\/product"}],"wp:featuredmedia":[{"embeddable":true,"href":"https:\/\/privilege.tours\/fr\/wp-json\/wp\/v2\/media\/2142"}],"wp:attachment":[{"href":"https:\/\/privilege.tours\/fr\/wp-json\/wp\/v2\/media?parent=2174"}],"wp:term":[{"taxonomy":"product_brand","embeddable":true,"href":"https:\/\/privilege.tours\/fr\/wp-json\/wp\/v2\/product_brand?post=2174"},{"taxonomy":"product_cat","embeddable":true,"href":"https:\/\/privilege.tours\/fr\/wp-json\/wp\/v2\/product_cat?post=2174"},{"taxonomy":"product_tag","embeddable":true,"href":"https:\/\/privilege.tours\/fr\/wp-json\/wp\/v2\/product_tag?post=2174"}],"curies":[{"name":"wp","href":"https:\/\/api.w.org\/{rel}","templated":true}]}}