{"id":769,"date":"2018-02-16T07:50:42","date_gmt":"2018-02-16T07:52:35","guid":{"rendered":"http:\/\/privilege.tours\/?post_type=product&#038;p=769"},"modified":"2023-10-04T09:45:02","modified_gmt":"2023-10-04T07:45:02","slug":"suzuki-jimny-nouveau","status":"publish","type":"product","link":"https:\/\/privilege.tours\/fr\/boutique\/suzuki-jimny-nouveau\/","title":{"rendered":"Suzuki Jimny Nouveau"},"content":{"rendered":"","protected":false},"excerpt":{"rendered":"<p>V\u00e9hicule 5 places, air conditionn\u00e9, assurance tous risques et assistance routi\u00e8re.<br \/>\nUne fois la r\u00e9servation demand\u00e9e, vous devrez attendre notre courrier avec les \u00e9tapes \u00e0 suivre pour compl\u00e9ter le paiement et obtenir la confirmation de la r\u00e9servation.<br \/>\nSi vous le souhaitez, nous pouvons \u00e9galement louer une voiture avec chauffeur local, veuillez nous contacter.<\/p>\n<p style=\"color: #fc9d2e;\"><strong>IMPORTANT:<\/strong> Une fois l\u2019achat effectu\u00e9, indiquez-nous dans le champ des observations, o\u00f9 vous pr\u00e9f\u00e9rez r\u00e9cup\u00e9rer votre voiture: A\u00e9roport, Bureau Privilege Tours ou Nom de l\u2019h\u00f4tel o\u00f9 vous s\u00e9journez.<\/p>\n","protected":false},"featured_media":2111,"template":"","meta":[],"product_brand":[],"product_cat":[28],"product_tag":[],"class_list":{"0":"post-769","1":"product","2":"type-product","3":"status-publish","4":"has-post-thumbnail","6":"product_cat-voiture","8":"first","9":"instock","10":"shipping-taxable","11":"purchasable","12":"product-type-redq_rental"},"aioseo_notices":[],"_links":{"self":[{"href":"https:\/\/privilege.tours\/fr\/wp-json\/wp\/v2\/product\/769","targetHints":{"allow":["GET"]}}],"collection":[{"href":"https:\/\/privilege.tours\/fr\/wp-json\/wp\/v2\/product"}],"about":[{"href":"https:\/\/privilege.tours\/fr\/wp-json\/wp\/v2\/types\/product"}],"wp:featuredmedia":[{"embeddable":true,"href":"https:\/\/privilege.tours\/fr\/wp-json\/wp\/v2\/media\/2111"}],"wp:attachment":[{"href":"https:\/\/privilege.tours\/fr\/wp-json\/wp\/v2\/media?parent=769"}],"wp:term":[{"taxonomy":"product_brand","embeddable":true,"href":"https:\/\/privilege.tours\/fr\/wp-json\/wp\/v2\/product_brand?post=769"},{"taxonomy":"product_cat","embeddable":true,"href":"https:\/\/privilege.tours\/fr\/wp-json\/wp\/v2\/product_cat?post=769"},{"taxonomy":"product_tag","embeddable":true,"href":"https:\/\/privilege.tours\/fr\/wp-json\/wp\/v2\/product_tag?post=769"}],"curies":[{"name":"wp","href":"https:\/\/api.w.org\/{rel}","templated":true}]}}