{"id":790,"date":"2018-02-16T08:13:52","date_gmt":"2018-02-16T08:13:52","guid":{"rendered":"http:\/\/privilege.tours\/shop\/toyota-rav4\/"},"modified":"2021-09-08T14:52:03","modified_gmt":"2021-09-08T14:52:03","slug":"toyota-rav4","status":"publish","type":"product","link":"https:\/\/privilege.tours\/fr\/boutique\/toyota-rav4\/","title":{"rendered":"Toyota RAV4"},"content":{"rendered":"","protected":false},"excerpt":{"rendered":"<p style=\"color: #fc9d2e;\"><strong>IMPORTANT:<\/strong> Une fois l\u2019achat effectu\u00e9, indiquez-nous dans le champ des observations, o\u00f9 vous pr\u00e9f\u00e9rez r\u00e9cup\u00e9rer votre voiture: A\u00e9roport, Bureau Privilege Tours ou Nom de l\u2019h\u00f4tel o\u00f9 vous s\u00e9journez.<\/p>\n","protected":false},"featured_media":620,"template":"","meta":[],"product_brand":[],"product_cat":[28],"product_tag":[],"class_list":{"0":"post-790","1":"product","2":"type-product","3":"status-publish","4":"has-post-thumbnail","6":"product_cat-voiture","8":"first","9":"instock","10":"shipping-taxable","11":"purchasable","12":"product-type-redq_rental"},"aioseo_notices":[],"_links":{"self":[{"href":"https:\/\/privilege.tours\/fr\/wp-json\/wp\/v2\/product\/790","targetHints":{"allow":["GET"]}}],"collection":[{"href":"https:\/\/privilege.tours\/fr\/wp-json\/wp\/v2\/product"}],"about":[{"href":"https:\/\/privilege.tours\/fr\/wp-json\/wp\/v2\/types\/product"}],"wp:featuredmedia":[{"embeddable":true,"href":"https:\/\/privilege.tours\/fr\/wp-json\/wp\/v2\/media\/620"}],"wp:attachment":[{"href":"https:\/\/privilege.tours\/fr\/wp-json\/wp\/v2\/media?parent=790"}],"wp:term":[{"taxonomy":"product_brand","embeddable":true,"href":"https:\/\/privilege.tours\/fr\/wp-json\/wp\/v2\/product_brand?post=790"},{"taxonomy":"product_cat","embeddable":true,"href":"https:\/\/privilege.tours\/fr\/wp-json\/wp\/v2\/product_cat?post=790"},{"taxonomy":"product_tag","embeddable":true,"href":"https:\/\/privilege.tours\/fr\/wp-json\/wp\/v2\/product_tag?post=790"}],"curies":[{"name":"wp","href":"https:\/\/api.w.org\/{rel}","templated":true}]}}