{"id":2795,"date":"2025-10-10T11:27:06","date_gmt":"2025-10-10T09:27:06","guid":{"rendered":"https:\/\/privilege.tours\/?page_id=2795"},"modified":"2025-10-10T11:28:29","modified_gmt":"2025-10-10T09:28:29","slug":"transferencias","status":"publish","type":"page","link":"https:\/\/privilege.tours\/pt-pt\/transferencias\/","title":{"rendered":"Transfer\u00eancias em S\u00e3o Tom\u00e9 e Pr\u00edncipe"},"content":{"rendered":"","protected":false},"excerpt":{"rendered":"","protected":false},"author":133,"featured_media":0,"parent":0,"menu_order":0,"comment_status":"open","ping_status":"open","template":"","meta":{"footnotes":""},"class_list":["post-2795","page","type-page","status-publish","hentry"],"aioseo_notices":[],"_links":{"self":[{"href":"https:\/\/privilege.tours\/pt-pt\/wp-json\/wp\/v2\/pages\/2795","targetHints":{"allow":["GET"]}}],"collection":[{"href":"https:\/\/privilege.tours\/pt-pt\/wp-json\/wp\/v2\/pages"}],"about":[{"href":"https:\/\/privilege.tours\/pt-pt\/wp-json\/wp\/v2\/types\/page"}],"author":[{"embeddable":true,"href":"https:\/\/privilege.tours\/pt-pt\/wp-json\/wp\/v2\/users\/133"}],"replies":[{"embeddable":true,"href":"https:\/\/privilege.tours\/pt-pt\/wp-json\/wp\/v2\/comments?post=2795"}],"version-history":[{"count":1,"href":"https:\/\/privilege.tours\/pt-pt\/wp-json\/wp\/v2\/pages\/2795\/revisions"}],"predecessor-version":[{"id":2828,"href":"https:\/\/privilege.tours\/pt-pt\/wp-json\/wp\/v2\/pages\/2795\/revisions\/2828"}],"wp:attachment":[{"href":"https:\/\/privilege.tours\/pt-pt\/wp-json\/wp\/v2\/media?parent=2795"}],"curies":[{"name":"wp","href":"https:\/\/api.w.org\/{rel}","templated":true}]}}