{"id":313,"date":"2015-04-17T13:58:22","date_gmt":"2015-04-17T13:58:22","guid":{"rendered":"http:\/\/privilege.tours\/rent-a-car\/"},"modified":"2026-03-18T12:37:12","modified_gmt":"2026-03-18T11:37:12","slug":"alugar-um-carro","status":"publish","type":"page","link":"https:\/\/privilege.tours\/pt-pt\/alugar-um-carro\/","title":{"rendered":"Alugar um carro"},"content":{"rendered":"<div class=\"wpb-content-wrapper\"><p>[vc_row][vc_column][vc_column_text]Tamb\u00e9m pode <a href=\"https:\/\/privilegetours.com\/pt\/alquiler-de-coches-santo-tome-y-principe\/\">alugar um carro em S\u00e3o Tom\u00e9 e Pr\u00edncipe<\/a> aqui.[\/vc_column_text][\/vc_column][\/vc_row]<\/p>\n<\/div>","protected":false},"excerpt":{"rendered":"<p>[vc_row][vc_column][vc_column_text]Tamb\u00e9m pode alugar um carro em S\u00e3o Tom\u00e9 e Pr\u00edncipe aqui.[\/vc_column_text][\/vc_column][\/vc_row]<\/p>\n","protected":false},"author":132,"featured_media":0,"parent":0,"menu_order":0,"comment_status":"open","ping_status":"open","template":"","meta":{"footnotes":""},"class_list":["post-313","page","type-page","status-publish","hentry"],"aioseo_notices":[],"_links":{"self":[{"href":"https:\/\/privilege.tours\/pt-pt\/wp-json\/wp\/v2\/pages\/313","targetHints":{"allow":["GET"]}}],"collection":[{"href":"https:\/\/privilege.tours\/pt-pt\/wp-json\/wp\/v2\/pages"}],"about":[{"href":"https:\/\/privilege.tours\/pt-pt\/wp-json\/wp\/v2\/types\/page"}],"author":[{"embeddable":true,"href":"https:\/\/privilege.tours\/pt-pt\/wp-json\/wp\/v2\/users\/132"}],"replies":[{"embeddable":true,"href":"https:\/\/privilege.tours\/pt-pt\/wp-json\/wp\/v2\/comments?post=313"}],"version-history":[{"count":8,"href":"https:\/\/privilege.tours\/pt-pt\/wp-json\/wp\/v2\/pages\/313\/revisions"}],"predecessor-version":[{"id":2603,"href":"https:\/\/privilege.tours\/pt-pt\/wp-json\/wp\/v2\/pages\/313\/revisions\/2603"}],"wp:attachment":[{"href":"https:\/\/privilege.tours\/pt-pt\/wp-json\/wp\/v2\/media?parent=313"}],"curies":[{"name":"wp","href":"https:\/\/api.w.org\/{rel}","templated":true}]}}