{"id":2116,"date":"2023-10-02T12:49:44","date_gmt":"2023-10-02T10:49:45","guid":{"rendered":"http:\/\/privilege.tours\/?post_type=product&#038;p=2116"},"modified":"2023-10-04T09:49:36","modified_gmt":"2023-10-04T07:49:36","slug":"suzuki-jimny","status":"publish","type":"product","link":"https:\/\/privilege.tours\/pt-pt\/comprar\/suzuki-jimny\/","title":{"rendered":"Suzuki Jimny"},"content":{"rendered":"","protected":false},"excerpt":{"rendered":"<p style=\"color: #fc9d2e;\"><strong>IMPORTANTE:<\/strong> uma vez que a compra \u00e9 feita, indique-nos no campo de observa\u00e7\u00f5es, onde voc\u00ea prefere pegar o seu carro: Aeroporto, Privilege Tours Office ou Nome do hotel onde voc\u00ea fica.<\/p>\n","protected":false},"featured_media":2160,"template":"","meta":[],"product_brand":[],"product_cat":[29],"product_tag":[],"class_list":{"0":"post-2116","1":"product","2":"type-product","3":"status-publish","4":"has-post-thumbnail","6":"product_cat-carro","8":"first","9":"instock","10":"shipping-taxable","11":"purchasable","12":"product-type-redq_rental"},"aioseo_notices":[],"_links":{"self":[{"href":"https:\/\/privilege.tours\/pt-pt\/wp-json\/wp\/v2\/product\/2116","targetHints":{"allow":["GET"]}}],"collection":[{"href":"https:\/\/privilege.tours\/pt-pt\/wp-json\/wp\/v2\/product"}],"about":[{"href":"https:\/\/privilege.tours\/pt-pt\/wp-json\/wp\/v2\/types\/product"}],"wp:featuredmedia":[{"embeddable":true,"href":"https:\/\/privilege.tours\/pt-pt\/wp-json\/wp\/v2\/media\/2160"}],"wp:attachment":[{"href":"https:\/\/privilege.tours\/pt-pt\/wp-json\/wp\/v2\/media?parent=2116"}],"wp:term":[{"taxonomy":"product_brand","embeddable":true,"href":"https:\/\/privilege.tours\/pt-pt\/wp-json\/wp\/v2\/product_brand?post=2116"},{"taxonomy":"product_cat","embeddable":true,"href":"https:\/\/privilege.tours\/pt-pt\/wp-json\/wp\/v2\/product_cat?post=2116"},{"taxonomy":"product_tag","embeddable":true,"href":"https:\/\/privilege.tours\/pt-pt\/wp-json\/wp\/v2\/product_tag?post=2116"}],"curies":[{"name":"wp","href":"https:\/\/api.w.org\/{rel}","templated":true}]}}