{"id":773,"date":"2018-02-16T07:50:42","date_gmt":"2018-02-16T07:54:54","guid":{"rendered":"http:\/\/privilege.tours\/?post_type=product&#038;p=773"},"modified":"2023-10-04T09:45:33","modified_gmt":"2023-10-04T07:45:33","slug":"suzuki-jimny-novo","status":"publish","type":"product","link":"https:\/\/privilege.tours\/pt-pt\/comprar\/suzuki-jimny-novo\/","title":{"rendered":"Suzuki Jimny Novo"},"content":{"rendered":"","protected":false},"excerpt":{"rendered":"<p>Ve\u00edculo de 5 lugares, ar condicionado, seguro contra todos os riscos e assist\u00eancia em viagem.<br \/>\nUma vez solicitada a reserva, dever\u00e1 aguardar o nosso correio eletr\u00f3nico com os passos a seguir para efetuar o pagamento e obter a confirma\u00e7\u00e3o da reserva.<br \/>\nAl\u00e9m disso, se desejar, dispomos de aluguer de viaturas com motorista local, contacte-nos.<\/p>\n<p style=\"color: #fc9d2e;\"><strong>IMPORTANTE:<\/strong> uma vez que a compra \u00e9 feita, indique-nos no campo de observa\u00e7\u00f5es, onde voc\u00ea prefere pegar o seu carro: Aeroporto, Privilege Tours Office ou Nome do hotel onde voc\u00ea fica.<\/p>\n","protected":false},"featured_media":2112,"template":"","meta":[],"product_brand":[],"product_cat":[29],"product_tag":[],"class_list":{"0":"post-773","1":"product","2":"type-product","3":"status-publish","4":"has-post-thumbnail","6":"product_cat-carro","8":"first","9":"instock","10":"shipping-taxable","11":"purchasable","12":"product-type-redq_rental"},"aioseo_notices":[],"_links":{"self":[{"href":"https:\/\/privilege.tours\/pt-pt\/wp-json\/wp\/v2\/product\/773","targetHints":{"allow":["GET"]}}],"collection":[{"href":"https:\/\/privilege.tours\/pt-pt\/wp-json\/wp\/v2\/product"}],"about":[{"href":"https:\/\/privilege.tours\/pt-pt\/wp-json\/wp\/v2\/types\/product"}],"wp:featuredmedia":[{"embeddable":true,"href":"https:\/\/privilege.tours\/pt-pt\/wp-json\/wp\/v2\/media\/2112"}],"wp:attachment":[{"href":"https:\/\/privilege.tours\/pt-pt\/wp-json\/wp\/v2\/media?parent=773"}],"wp:term":[{"taxonomy":"product_brand","embeddable":true,"href":"https:\/\/privilege.tours\/pt-pt\/wp-json\/wp\/v2\/product_brand?post=773"},{"taxonomy":"product_cat","embeddable":true,"href":"https:\/\/privilege.tours\/pt-pt\/wp-json\/wp\/v2\/product_cat?post=773"},{"taxonomy":"product_tag","embeddable":true,"href":"https:\/\/privilege.tours\/pt-pt\/wp-json\/wp\/v2\/product_tag?post=773"}],"curies":[{"name":"wp","href":"https:\/\/api.w.org\/{rel}","templated":true}]}}